{"id":740,"date":"2026-01-31T10:02:50","date_gmt":"2026-01-31T10:02:50","guid":{"rendered":"https:\/\/produccions394.com\/?page_id=740"},"modified":"2026-04-03T13:07:53","modified_gmt":"2026-04-03T13:07:53","slug":"marcel-el-marcia","status":"publish","type":"page","link":"https:\/\/produccions394.com\/?page_id=740","title":{"rendered":"Marcel el Marci\u00e0"},"content":{"rendered":"\n<figure class=\"wp-block-gallery has-nested-images columns-default is-cropped wp-block-gallery-1 is-layout-flex wp-block-gallery-is-layout-flex\">\n<figure class=\"wp-block-image size-large\"><img loading=\"lazy\" decoding=\"async\" width=\"1024\" height=\"1024\" data-id=\"89\" src=\"https:\/\/produccions394.com\/wp-content\/uploads\/2023\/11\/MusicaInfTradVal_portadaMM-1024x1024.jpg\" alt=\"\" class=\"wp-image-89\" srcset=\"https:\/\/produccions394.com\/wp-content\/uploads\/2023\/11\/MusicaInfTradVal_portadaMM-1024x1024.jpg 1024w, https:\/\/produccions394.com\/wp-content\/uploads\/2023\/11\/MusicaInfTradVal_portadaMM-300x300.jpg 300w, https:\/\/produccions394.com\/wp-content\/uploads\/2023\/11\/MusicaInfTradVal_portadaMM-150x150.jpg 150w, https:\/\/produccions394.com\/wp-content\/uploads\/2023\/11\/MusicaInfTradVal_portadaMM-768x768.jpg 768w, https:\/\/produccions394.com\/wp-content\/uploads\/2023\/11\/MusicaInfTradVal_portadaMM.jpg 1417w\" sizes=\"auto, (max-width: 1024px) 100vw, 1024px\" \/><\/figure>\n<\/figure>\n\n\n\n<p><strong>Marcel el Marci\u00e0<\/strong> \u00e9s un grup de m\u00fasica infantil i familiar que convida xiquets i grans a gaudir de la m\u00fasica, el joc i la imaginaci\u00f3.<br>Amb can\u00e7ons plenes d\u2019energia, humor i valors positius, el grup ofereix espectacles participatius on el p\u00fablic pot <strong>cantar, ballar i passar-ho d\u2019all\u00f2 m\u00e9s b\u00e9<\/strong>.<br>Una proposta divertida i educativa que transforma cada actuaci\u00f3 en una experi\u00e8ncia \u00fanica per a tota la fam\u00edlia. \ud83d\ude80\ud83c\udfb6<\/p>\n\n\n\n<figure class=\"wp-block-gallery has-nested-images columns-default is-cropped wp-block-gallery-2 is-layout-flex wp-block-gallery-is-layout-flex\">\n<figure class=\"wp-block-image size-large\"><img loading=\"lazy\" decoding=\"async\" width=\"1024\" height=\"788\" data-id=\"174\" src=\"https:\/\/produccions394.com\/wp-content\/uploads\/2023\/11\/Directe-3-1024x788.jpg\" alt=\"\" class=\"wp-image-174\" srcset=\"https:\/\/produccions394.com\/wp-content\/uploads\/2023\/11\/Directe-3-1024x788.jpg 1024w, https:\/\/produccions394.com\/wp-content\/uploads\/2023\/11\/Directe-3-300x231.jpg 300w, https:\/\/produccions394.com\/wp-content\/uploads\/2023\/11\/Directe-3-768x591.jpg 768w, https:\/\/produccions394.com\/wp-content\/uploads\/2023\/11\/Directe-3.jpg 1080w\" sizes=\"auto, (max-width: 1024px) 100vw, 1024px\" \/><\/figure>\n\n\n\n<figure class=\"wp-block-image size-large\"><img loading=\"lazy\" decoding=\"async\" width=\"1024\" height=\"683\" data-id=\"176\" src=\"https:\/\/produccions394.com\/wp-content\/uploads\/2023\/11\/Directe-1-1024x683.jpg\" alt=\"\" class=\"wp-image-176\" srcset=\"https:\/\/produccions394.com\/wp-content\/uploads\/2023\/11\/Directe-1-1024x683.jpg 1024w, https:\/\/produccions394.com\/wp-content\/uploads\/2023\/11\/Directe-1-300x200.jpg 300w, https:\/\/produccions394.com\/wp-content\/uploads\/2023\/11\/Directe-1-768x512.jpg 768w, https:\/\/produccions394.com\/wp-content\/uploads\/2023\/11\/Directe-1.jpg 1440w\" sizes=\"auto, (max-width: 1024px) 100vw, 1024px\" \/><\/figure>\n\n\n\n<figure class=\"wp-block-image size-large\"><img loading=\"lazy\" decoding=\"async\" width=\"960\" height=\"960\" data-id=\"171\" src=\"https:\/\/produccions394.com\/wp-content\/uploads\/2023\/11\/Directe-4.jpg\" alt=\"\" class=\"wp-image-171\" srcset=\"https:\/\/produccions394.com\/wp-content\/uploads\/2023\/11\/Directe-4.jpg 960w, https:\/\/produccions394.com\/wp-content\/uploads\/2023\/11\/Directe-4-300x300.jpg 300w, https:\/\/produccions394.com\/wp-content\/uploads\/2023\/11\/Directe-4-150x150.jpg 150w, https:\/\/produccions394.com\/wp-content\/uploads\/2023\/11\/Directe-4-768x768.jpg 768w\" sizes=\"auto, (max-width: 960px) 100vw, 960px\" \/><\/figure>\n\n\n\n<figure class=\"wp-block-image size-large\"><img loading=\"lazy\" decoding=\"async\" width=\"960\" height=\"720\" data-id=\"170\" src=\"https:\/\/produccions394.com\/wp-content\/uploads\/2023\/11\/Directe-5.jpg\" alt=\"\" class=\"wp-image-170\" srcset=\"https:\/\/produccions394.com\/wp-content\/uploads\/2023\/11\/Directe-5.jpg 960w, https:\/\/produccions394.com\/wp-content\/uploads\/2023\/11\/Directe-5-300x225.jpg 300w, https:\/\/produccions394.com\/wp-content\/uploads\/2023\/11\/Directe-5-768x576.jpg 768w\" sizes=\"auto, (max-width: 960px) 100vw, 960px\" \/><\/figure>\n\n\n\n<figure class=\"wp-block-image size-large\"><img loading=\"lazy\" decoding=\"async\" width=\"960\" height=\"720\" data-id=\"169\" src=\"https:\/\/produccions394.com\/wp-content\/uploads\/2023\/11\/Directe-8.jpg\" alt=\"\" class=\"wp-image-169\" srcset=\"https:\/\/produccions394.com\/wp-content\/uploads\/2023\/11\/Directe-8.jpg 960w, https:\/\/produccions394.com\/wp-content\/uploads\/2023\/11\/Directe-8-300x225.jpg 300w, https:\/\/produccions394.com\/wp-content\/uploads\/2023\/11\/Directe-8-768x576.jpg 768w\" sizes=\"auto, (max-width: 960px) 100vw, 960px\" \/><\/figure>\n\n\n\n<figure class=\"wp-block-image size-large\"><img loading=\"lazy\" decoding=\"async\" width=\"1024\" height=\"768\" data-id=\"139\" src=\"https:\/\/produccions394.com\/wp-content\/uploads\/2023\/11\/GEFJ3905-edited-1024x768.jpg\" alt=\"\" class=\"wp-image-139\" srcset=\"https:\/\/produccions394.com\/wp-content\/uploads\/2023\/11\/GEFJ3905-edited-1024x768.jpg 1024w, https:\/\/produccions394.com\/wp-content\/uploads\/2023\/11\/GEFJ3905-edited-300x225.jpg 300w, https:\/\/produccions394.com\/wp-content\/uploads\/2023\/11\/GEFJ3905-edited-768x576.jpg 768w, https:\/\/produccions394.com\/wp-content\/uploads\/2023\/11\/GEFJ3905-edited.jpg 1237w\" sizes=\"auto, (max-width: 1024px) 100vw, 1024px\" \/><\/figure>\n<\/figure>\n\n\n\n<p class=\"has-accent-4-background-color has-background\"><mark style=\"background-color:rgba(0, 0, 0, 0)\" class=\"has-inline-color has-accent-3-color\"><strong>Marecel el Marci\u00e0<\/strong> <\/mark>ha musicat un dels textos del llibre <mark style=\"background-color:rgba(0, 0, 0, 0)\" class=\"has-inline-color has-accent-3-color\">MAMAD\u00da<\/mark>, escrit per <mark style=\"background-color:rgba(0, 0, 0, 0)\" class=\"has-inline-color has-accent-3-color\"><strong>Voro Machancoses<\/strong><\/mark> i il\u00b7lustrat per <mark style=\"background-color:rgba(0, 0, 0, 0)\" class=\"has-inline-color has-contrast-color\"><mark style=\"background-color:rgba(0, 0, 0, 0)\" class=\"has-inline-color has-accent-3-color\"><strong>J\u00falia Sala<\/strong><\/mark><\/mark>. El resultat \u00e9s una can\u00e7\u00f3 plena de sensibilitat i imaginaci\u00f3 que dona vida a la hist\u00f2ria a trav\u00e9s de la m\u00fasica. <br>Ac\u00ed podeu escoltar la can\u00e7\u00f3 i gaudir tamb\u00e9 d\u2019algunes de les imatges del llibre que l\u2019acompanyen.<\/p>\n\n\n\n<figure class=\"wp-block-embed is-type-video is-provider-youtube wp-block-embed-youtube wp-embed-aspect-16-9 wp-has-aspect-ratio\"><div class=\"wp-block-embed__wrapper\">\n<iframe loading=\"lazy\" title=\"Marcel el Marcia\u0300 - Prepara&#039;t\" width=\"500\" height=\"281\" src=\"https:\/\/www.youtube.com\/embed\/M5talNsfOMo?feature=oembed\" frameborder=\"0\" allow=\"accelerometer; autoplay; clipboard-write; encrypted-media; gyroscope; picture-in-picture; web-share\" referrerpolicy=\"strict-origin-when-cross-origin\" allowfullscreen><\/iframe>\n<\/div><\/figure>\n\n\n\n<figure class=\"wp-block-video\"><video height=\"1080\" style=\"aspect-ratio: 1920 \/ 1080;\" width=\"1920\" controls src=\"https:\/\/produccions394.com\/wp-content\/uploads\/2026\/02\/Premi-Marcel.mp4\"><\/video><\/figure>\n\n\n\n<figure class=\"wp-block-embed is-type-video is-provider-youtube wp-block-embed-youtube wp-embed-aspect-16-9 wp-has-aspect-ratio\"><div class=\"wp-block-embed__wrapper\">\n<iframe loading=\"lazy\" title=\"Marcel el Marci\u00e0 &quot;M\u00fasica infantil tradicional en valenci\u00e0&quot;\" width=\"500\" height=\"281\" src=\"https:\/\/www.youtube.com\/embed\/nSZ9KVpEXsE?feature=oembed\" frameborder=\"0\" allow=\"accelerometer; autoplay; clipboard-write; encrypted-media; gyroscope; picture-in-picture; web-share\" referrerpolicy=\"strict-origin-when-cross-origin\" allowfullscreen><\/iframe>\n<\/div><\/figure>\n\n\n\n<figure class=\"wp-block-embed is-type-rich is-provider-spotify wp-block-embed-spotify wp-embed-aspect-21-9 wp-has-aspect-ratio\"><div class=\"wp-block-embed__wrapper\">\n<iframe title=\"Spotify Embed: Marcel el Marci\u00e0 &amp; Pirata Pataxula\" style=\"border-radius: 12px\" width=\"100%\" height=\"352\" frameborder=\"0\" allowfullscreen allow=\"autoplay; clipboard-write; encrypted-media; fullscreen; picture-in-picture\" loading=\"lazy\" src=\"https:\/\/open.spotify.com\/embed\/album\/04sUyTuQbic3197UyoIpt1?si=MzGpQNrPR_-Q9PWgRV4sXw&amp;utm_source=oembed\"><\/iframe>\n<\/div><\/figure>\n\n\n\n<figure class=\"wp-block-embed is-type-rich is-provider-spotify wp-block-embed-spotify wp-embed-aspect-21-9 wp-has-aspect-ratio\"><div class=\"wp-block-embed__wrapper\">\n<iframe title=\"Spotify Embed: M\u00fasica infantil tradicional en valenci\u00e0\" style=\"border-radius: 12px\" width=\"100%\" height=\"352\" frameborder=\"0\" allowfullscreen allow=\"autoplay; clipboard-write; encrypted-media; fullscreen; picture-in-picture\" loading=\"lazy\" src=\"https:\/\/open.spotify.com\/embed\/album\/3cku8bqU75RYHQTkbrBCvx?si=wKXIhkkFQBiFOte80bja7w&amp;utm_source=oembed\"><\/iframe>\n<\/div><\/figure>\n","protected":false},"excerpt":{"rendered":"<p>Marcel el Marci\u00e0 \u00e9s un grup de m\u00fasica infantil i familiar que convida xiquets i grans a gaudir de la m\u00fasica, el joc i la imaginaci\u00f3.Amb can\u00e7ons plenes d\u2019energia, humor i valors positius, el grup ofereix espectacles participatius on el p\u00fablic pot cantar, ballar i passar-ho d\u2019all\u00f2 m\u00e9s b\u00e9.Una proposta divertida i educativa que transforma [&hellip;]<\/p>\n","protected":false},"author":1,"featured_media":0,"parent":0,"menu_order":0,"comment_status":"closed","ping_status":"closed","template":"","meta":{"footnotes":""},"class_list":["post-740","page","type-page","status-publish","hentry"],"_links":{"self":[{"href":"https:\/\/produccions394.com\/index.php?rest_route=\/wp\/v2\/pages\/740","targetHints":{"allow":["GET"]}}],"collection":[{"href":"https:\/\/produccions394.com\/index.php?rest_route=\/wp\/v2\/pages"}],"about":[{"href":"https:\/\/produccions394.com\/index.php?rest_route=\/wp\/v2\/types\/page"}],"author":[{"embeddable":true,"href":"https:\/\/produccions394.com\/index.php?rest_route=\/wp\/v2\/users\/1"}],"replies":[{"embeddable":true,"href":"https:\/\/produccions394.com\/index.php?rest_route=%2Fwp%2Fv2%2Fcomments&post=740"}],"version-history":[{"count":6,"href":"https:\/\/produccions394.com\/index.php?rest_route=\/wp\/v2\/pages\/740\/revisions"}],"predecessor-version":[{"id":777,"href":"https:\/\/produccions394.com\/index.php?rest_route=\/wp\/v2\/pages\/740\/revisions\/777"}],"wp:attachment":[{"href":"https:\/\/produccions394.com\/index.php?rest_route=%2Fwp%2Fv2%2Fmedia&parent=740"}],"curies":[{"name":"wp","href":"https:\/\/api.w.org\/{rel}","templated":true}]}}