{"id":749,"date":"2026-01-31T10:17:56","date_gmt":"2026-01-31T10:17:56","guid":{"rendered":"https:\/\/produccions394.com\/?page_id=749"},"modified":"2026-01-31T10:20:56","modified_gmt":"2026-01-31T10:20:56","slug":"estudi-produccions-394","status":"publish","type":"page","link":"https:\/\/produccions394.com\/?page_id=749","title":{"rendered":"Estudi Produccions 394"},"content":{"rendered":"\n<p>A <strong>Produccions 394<\/strong> comptem amb un <strong>estudi de gravaci\u00f3<\/strong> amb m\u00e9s de <strong>25 anys d\u2019experi\u00e8ncia<\/strong> en el m\u00f3n del so i la producci\u00f3 musical.<br>Situat en un <strong>entorn privilegiat<\/strong>, el nostre espai est\u00e0 pensat per oferir la m\u00e0xima comoditat i qualitat t\u00e8cnica en cada projecte.<br>Gravem <strong>discos, falques publicit\u00e0ries, audiollibres, bandes sonores<\/strong> i tot tipus de produccions sonores, cuidant cada detall perqu\u00e8 el resultat siga professional i ple de vida.<br>La nostra passi\u00f3 \u00e9s ajudar-te a donar veu a les teues idees. \ud83c\udfa7\ud83c\udf99\ufe0f<\/p>\n\n\n\n<figure class=\"wp-block-gallery has-nested-images columns-default is-cropped wp-block-gallery-1 is-layout-flex wp-block-gallery-is-layout-flex\">\n<figure class=\"wp-block-image size-large\"><img loading=\"lazy\" decoding=\"async\" width=\"1024\" height=\"768\" data-id=\"458\" src=\"https:\/\/produccions394.com\/wp-content\/uploads\/2023\/11\/IMG_9304-1024x768.jpg\" alt=\"\" class=\"wp-image-458\" srcset=\"https:\/\/produccions394.com\/wp-content\/uploads\/2023\/11\/IMG_9304-1024x768.jpg 1024w, https:\/\/produccions394.com\/wp-content\/uploads\/2023\/11\/IMG_9304-300x225.jpg 300w, https:\/\/produccions394.com\/wp-content\/uploads\/2023\/11\/IMG_9304-768x576.jpg 768w, https:\/\/produccions394.com\/wp-content\/uploads\/2023\/11\/IMG_9304-1536x1152.jpg 1536w, https:\/\/produccions394.com\/wp-content\/uploads\/2023\/11\/IMG_9304-2048x1536.jpg 2048w\" sizes=\"auto, (max-width: 1024px) 100vw, 1024px\" \/><\/figure>\n\n\n\n<figure class=\"wp-block-image size-large\"><img loading=\"lazy\" decoding=\"async\" width=\"1024\" height=\"768\" data-id=\"463\" src=\"https:\/\/produccions394.com\/wp-content\/uploads\/2023\/11\/4-1024x768.jpg\" alt=\"\" class=\"wp-image-463\" srcset=\"https:\/\/produccions394.com\/wp-content\/uploads\/2023\/11\/4-1024x768.jpg 1024w, https:\/\/produccions394.com\/wp-content\/uploads\/2023\/11\/4-300x225.jpg 300w, https:\/\/produccions394.com\/wp-content\/uploads\/2023\/11\/4-768x576.jpg 768w, https:\/\/produccions394.com\/wp-content\/uploads\/2023\/11\/4-1536x1152.jpg 1536w, https:\/\/produccions394.com\/wp-content\/uploads\/2023\/11\/4-2048x1536.jpg 2048w\" sizes=\"auto, (max-width: 1024px) 100vw, 1024px\" \/><\/figure>\n\n\n\n<figure class=\"wp-block-image size-large\"><img loading=\"lazy\" decoding=\"async\" width=\"1024\" height=\"768\" data-id=\"465\" src=\"https:\/\/produccions394.com\/wp-content\/uploads\/2023\/11\/2-1024x768.jpg\" alt=\"\" class=\"wp-image-465\" srcset=\"https:\/\/produccions394.com\/wp-content\/uploads\/2023\/11\/2-1024x768.jpg 1024w, https:\/\/produccions394.com\/wp-content\/uploads\/2023\/11\/2-300x225.jpg 300w, https:\/\/produccions394.com\/wp-content\/uploads\/2023\/11\/2-768x576.jpg 768w, https:\/\/produccions394.com\/wp-content\/uploads\/2023\/11\/2-1536x1152.jpg 1536w, https:\/\/produccions394.com\/wp-content\/uploads\/2023\/11\/2-2048x1536.jpg 2048w\" sizes=\"auto, (max-width: 1024px) 100vw, 1024px\" \/><\/figure>\n\n\n\n<figure class=\"wp-block-image size-large\"><img loading=\"lazy\" decoding=\"async\" width=\"1024\" height=\"768\" data-id=\"464\" src=\"https:\/\/produccions394.com\/wp-content\/uploads\/2023\/11\/3-1024x768.jpg\" alt=\"\" class=\"wp-image-464\" srcset=\"https:\/\/produccions394.com\/wp-content\/uploads\/2023\/11\/3-1024x768.jpg 1024w, https:\/\/produccions394.com\/wp-content\/uploads\/2023\/11\/3-300x225.jpg 300w, https:\/\/produccions394.com\/wp-content\/uploads\/2023\/11\/3-768x576.jpg 768w, https:\/\/produccions394.com\/wp-content\/uploads\/2023\/11\/3-1536x1152.jpg 1536w, https:\/\/produccions394.com\/wp-content\/uploads\/2023\/11\/3-2048x1536.jpg 2048w\" sizes=\"auto, (max-width: 1024px) 100vw, 1024px\" \/><\/figure>\n<\/figure>\n\n\n\n<p><\/p>\n","protected":false},"excerpt":{"rendered":"<p>A Produccions 394 comptem amb un estudi de gravaci\u00f3 amb m\u00e9s de 25 anys d\u2019experi\u00e8ncia en el m\u00f3n del so i la producci\u00f3 musical.Situat en un entorn privilegiat, el nostre espai est\u00e0 pensat per oferir la m\u00e0xima comoditat i qualitat t\u00e8cnica en cada projecte.Gravem discos, falques publicit\u00e0ries, audiollibres, bandes sonores i tot tipus de produccions [&hellip;]<\/p>\n","protected":false},"author":1,"featured_media":0,"parent":0,"menu_order":0,"comment_status":"closed","ping_status":"closed","template":"","meta":{"footnotes":""},"class_list":["post-749","page","type-page","status-publish","hentry"],"_links":{"self":[{"href":"https:\/\/produccions394.com\/index.php?rest_route=\/wp\/v2\/pages\/749","targetHints":{"allow":["GET"]}}],"collection":[{"href":"https:\/\/produccions394.com\/index.php?rest_route=\/wp\/v2\/pages"}],"about":[{"href":"https:\/\/produccions394.com\/index.php?rest_route=\/wp\/v2\/types\/page"}],"author":[{"embeddable":true,"href":"https:\/\/produccions394.com\/index.php?rest_route=\/wp\/v2\/users\/1"}],"replies":[{"embeddable":true,"href":"https:\/\/produccions394.com\/index.php?rest_route=%2Fwp%2Fv2%2Fcomments&post=749"}],"version-history":[{"count":3,"href":"https:\/\/produccions394.com\/index.php?rest_route=\/wp\/v2\/pages\/749\/revisions"}],"predecessor-version":[{"id":753,"href":"https:\/\/produccions394.com\/index.php?rest_route=\/wp\/v2\/pages\/749\/revisions\/753"}],"wp:attachment":[{"href":"https:\/\/produccions394.com\/index.php?rest_route=%2Fwp%2Fv2%2Fmedia&parent=749"}],"curies":[{"name":"wp","href":"https:\/\/api.w.org\/{rel}","templated":true}]}}